{"id":619,"date":"2017-01-27T17:52:36","date_gmt":"2017-01-27T16:52:36","guid":{"rendered":"http:\/\/wordpress.p351766.webspaceconfig.de\/?page_id=619"},"modified":"2023-02-08T12:43:12","modified_gmt":"2023-02-08T11:43:12","slug":"milch-protein-konzentrate","status":"publish","type":"page","link":"https:\/\/molkerei-lauingen.de\/en\/produkte-2\/milch-protein-konzentrate\/","title":{"rendered":"MILK-PROTEIN-CONCENTRATES"},"content":{"rendered":"<div data-elementor-type=\"wp-page\" data-elementor-id=\"619\" class=\"elementor elementor-619\" data-elementor-post-type=\"page\">\n\t\t\t\t\t\t<section class=\"elementor-section elementor-top-section elementor-element elementor-element-6b798642 elementor-section-full_width elementor-section-stretched elementor-section-height-default elementor-section-height-default\" data-id=\"6b798642\" data-element_type=\"section\" data-e-type=\"section\" data-settings=\"{&quot;stretch_section&quot;:&quot;section-stretched&quot;,&quot;background_background&quot;:&quot;classic&quot;}\">\n\t\t\t\t\t\t<div class=\"elementor-container elementor-column-gap-default\">\n\t\t\t\t\t<div class=\"elementor-column elementor-col-100 elementor-top-column elementor-element elementor-element-57289fce\" data-id=\"57289fce\" data-element_type=\"column\" data-e-type=\"column\">\n\t\t\t<div class=\"elementor-widget-wrap elementor-element-populated\">\n\t\t\t\t\t\t<div class=\"elementor-element elementor-element-59801862 elementor-widget elementor-widget-image\" data-id=\"59801862\" data-element_type=\"widget\" data-e-type=\"widget\" data-widget_type=\"image.default\">\n\t\t\t\t<div class=\"elementor-widget-container\">\n\t\t\t\t\t\t\t\t\t\t\t\t\t\t\t<img fetchpriority=\"high\" decoding=\"async\" width=\"1200\" height=\"476\" src=\"https:\/\/molkerei-lauingen.de\/wp-content\/uploads\/2023\/02\/milch-protein-konzentrate-1700x675.jpg\" class=\"attachment-large size-large wp-image-1227\" alt=\"\" srcset=\"https:\/\/molkerei-lauingen.de\/wp-content\/uploads\/2023\/02\/milch-protein-konzentrate-1700x675.jpg 1700w, https:\/\/molkerei-lauingen.de\/wp-content\/uploads\/2023\/02\/milch-protein-konzentrate-600x238.jpg 600w, https:\/\/molkerei-lauingen.de\/wp-content\/uploads\/2023\/02\/milch-protein-konzentrate-1536x610.jpg 1536w, https:\/\/molkerei-lauingen.de\/wp-content\/uploads\/2023\/02\/milch-protein-konzentrate.jpg 1920w\" sizes=\"(max-width: 1200px) 100vw, 1200px\" \/>\t\t\t\t\t\t\t\t\t\t\t\t\t\t\t<\/div>\n\t\t\t\t<\/div>\n\t\t\t\t\t<\/div>\n\t\t<\/div>\n\t\t\t\t\t<\/div>\n\t\t<\/section>\n\t\t\t\t<section class=\"elementor-section elementor-top-section elementor-element elementor-element-3092cdee elementor-section-full_width elementor-section-stretched elementor-section-height-default elementor-section-height-default\" data-id=\"3092cdee\" data-element_type=\"section\" data-e-type=\"section\" data-settings=\"{&quot;stretch_section&quot;:&quot;section-stretched&quot;,&quot;background_background&quot;:&quot;classic&quot;}\">\n\t\t\t\t\t\t<div class=\"elementor-container elementor-column-gap-default\">\n\t\t\t\t\t<div class=\"elementor-column elementor-col-100 elementor-top-column elementor-element elementor-element-4a2bdfb\" data-id=\"4a2bdfb\" data-element_type=\"column\" data-e-type=\"column\" data-settings=\"{&quot;background_background&quot;:&quot;classic&quot;}\">\n\t\t\t<div class=\"elementor-widget-wrap elementor-element-populated\">\n\t\t\t\t\t\t<section class=\"elementor-section elementor-inner-section elementor-element elementor-element-30d989f1 elementor-section-boxed elementor-section-height-default elementor-section-height-default\" data-id=\"30d989f1\" data-element_type=\"section\" data-e-type=\"section\" data-settings=\"{&quot;background_background&quot;:&quot;classic&quot;}\">\n\t\t\t\t\t\t<div class=\"elementor-container elementor-column-gap-default\">\n\t\t\t\t\t<div class=\"elementor-column elementor-col-100 elementor-inner-column elementor-element elementor-element-428daca7\" data-id=\"428daca7\" data-element_type=\"column\" data-e-type=\"column\" data-settings=\"{&quot;background_background&quot;:&quot;classic&quot;}\">\n\t\t\t<div class=\"elementor-widget-wrap elementor-element-populated\">\n\t\t\t\t\t\t<div class=\"elementor-element elementor-element-39636f6a elementor-widget elementor-widget-heading\" data-id=\"39636f6a\" data-element_type=\"widget\" data-e-type=\"widget\" data-widget_type=\"heading.default\">\n\t\t\t\t<div class=\"elementor-widget-container\">\n\t\t\t\t\t<h2 class=\"elementor-heading-title elementor-size-default\">MILK-PROTEIN-CONCENTRATES<\/h2>\t\t\t\t<\/div>\n\t\t\t\t<\/div>\n\t\t\t\t<div class=\"elementor-element elementor-element-4980d094 elementor-widget elementor-widget-text-editor\" data-id=\"4980d094\" data-element_type=\"widget\" data-e-type=\"widget\" data-widget_type=\"text-editor.default\">\n\t\t\t\t<div class=\"elementor-widget-container\">\n\t\t\t\t\t\t\t\t\t<p class=\"p1\">Different Milk-Protein-Concentrates (Retentates) and \u2013permeates are gained by filtrating pasteurized skimmed milk with specific membrane technologies (RO, NF, UF, MF).<\/p>\t\t\t\t\t\t\t\t<\/div>\n\t\t\t\t<\/div>\n\t\t\t\t\t<\/div>\n\t\t<\/div>\n\t\t\t\t\t<\/div>\n\t\t<\/section>\n\t\t\t\t\t<\/div>\n\t\t<\/div>\n\t\t\t\t\t<\/div>\n\t\t<\/section>\n\t\t\t\t<section class=\"elementor-section elementor-top-section elementor-element elementor-element-57b781be elementor-section-boxed elementor-section-height-default elementor-section-height-default\" data-id=\"57b781be\" data-element_type=\"section\" data-e-type=\"section\">\n\t\t\t\t\t\t<div class=\"elementor-container elementor-column-gap-default\">\n\t\t\t\t\t<div class=\"elementor-column elementor-col-50 elementor-top-column elementor-element elementor-element-6e8aaf27\" data-id=\"6e8aaf27\" data-element_type=\"column\" data-e-type=\"column\">\n\t\t\t<div class=\"elementor-widget-wrap elementor-element-populated\">\n\t\t\t\t\t\t<div class=\"elementor-element elementor-element-4ea2bf86 elementor-widget elementor-widget-heading\" data-id=\"4ea2bf86\" data-element_type=\"widget\" data-e-type=\"widget\" data-widget_type=\"heading.default\">\n\t\t\t\t<div class=\"elementor-widget-container\">\n\t\t\t\t\t<h2 class=\"elementor-heading-title elementor-size-default\">CHARACTERISTICS\n<\/h2>\t\t\t\t<\/div>\n\t\t\t\t<\/div>\n\t\t\t\t<div class=\"elementor-element elementor-element-3ca1565c elementor-widget elementor-widget-text-editor\" data-id=\"3ca1565c\" data-element_type=\"widget\" data-e-type=\"widget\" data-widget_type=\"text-editor.default\">\n\t\t\t\t<div class=\"elementor-widget-container\">\n\t\t\t\t\t\t\t\t\t<ul><li class=\"p1\">High-grade, natural milk protein<\/li><li class=\"p1\">High functionality<\/li><li class=\"p1\">High solubility in water<\/li><li class=\"p1\">Neutral, pleasant and milky taste and odour<\/li><li class=\"p1\">High water binding capacity<\/li><li class=\"p1\">High gelling capacity<\/li><li class=\"p1\">Very good texture (pleasant mouthfeel)<\/li><\/ul>\t\t\t\t\t\t\t\t<\/div>\n\t\t\t\t<\/div>\n\t\t\t\t\t<\/div>\n\t\t<\/div>\n\t\t\t\t<div class=\"elementor-column elementor-col-50 elementor-top-column elementor-element elementor-element-66d2e65e\" data-id=\"66d2e65e\" data-element_type=\"column\" data-e-type=\"column\">\n\t\t\t<div class=\"elementor-widget-wrap elementor-element-populated\">\n\t\t\t\t\t\t<div class=\"elementor-element elementor-element-3b18a785 elementor-widget elementor-widget-heading\" data-id=\"3b18a785\" data-element_type=\"widget\" data-e-type=\"widget\" data-widget_type=\"heading.default\">\n\t\t\t\t<div class=\"elementor-widget-container\">\n\t\t\t\t\t<h2 class=\"elementor-heading-title elementor-size-default\">APPLICATIONS\n\n<\/h2>\t\t\t\t<\/div>\n\t\t\t\t<\/div>\n\t\t\t\t<div class=\"elementor-element elementor-element-53a321f0 elementor-widget elementor-widget-text-editor\" data-id=\"53a321f0\" data-element_type=\"widget\" data-e-type=\"widget\" data-widget_type=\"text-editor.default\">\n\t\t\t\t<div class=\"elementor-widget-container\">\n\t\t\t\t\t\t\t\t\t<ul><li class=\"p1\">Yoghurt<\/li><li class=\"p1\">Cheese<\/li><li class=\"p1\">Milk products<\/li><li class=\"p1\">Dietary products<\/li><li class=\"p1\">Sports nutrition<\/li><\/ul>\t\t\t\t\t\t\t\t<\/div>\n\t\t\t\t<\/div>\n\t\t\t\t\t<\/div>\n\t\t<\/div>\n\t\t\t\t\t<\/div>\n\t\t<\/section>\n\t\t\t\t<\/div>","protected":false},"excerpt":{"rendered":"<p>MILCH-PROTEIN-KONZENTRATE Entsprechend der spezifischen Membrantechnologien (RO, NF, UF, MF) entstehen unterschiedliche Milchproteinkonzentrate (Retentate) und \u2013permeate. EIGENSCHAFTEN Hochwertiges, nat\u00fcrliches Milcheiwei\u00df Hohe Funktionalit\u00e4t Hohe Wasserl\u00f6slichkeit Neutraler, angenehmer und Milchtypischer Geschmack und Geruch Hohe Wasserbindung Hohe Gelierf\u00e4higkeit Sehr gute Textur (angenehmes Mundgef\u00fchl) ANWENDUNGSBEREICHE Joghurt K\u00e4se Milchprodukte Di\u00e4tprodukte Sportlernahrung<\/p>","protected":false},"author":5,"featured_media":0,"parent":60,"menu_order":2,"comment_status":"closed","ping_status":"closed","template":"","meta":{"footnotes":""},"class_list":["post-619","page","type-page","status-publish","hentry","entry"],"_links":{"self":[{"href":"https:\/\/molkerei-lauingen.de\/en\/wp-json\/wp\/v2\/pages\/619","targetHints":{"allow":["GET"]}}],"collection":[{"href":"https:\/\/molkerei-lauingen.de\/en\/wp-json\/wp\/v2\/pages"}],"about":[{"href":"https:\/\/molkerei-lauingen.de\/en\/wp-json\/wp\/v2\/types\/page"}],"author":[{"embeddable":true,"href":"https:\/\/molkerei-lauingen.de\/en\/wp-json\/wp\/v2\/users\/5"}],"replies":[{"embeddable":true,"href":"https:\/\/molkerei-lauingen.de\/en\/wp-json\/wp\/v2\/comments?post=619"}],"version-history":[{"count":31,"href":"https:\/\/molkerei-lauingen.de\/en\/wp-json\/wp\/v2\/pages\/619\/revisions"}],"predecessor-version":[{"id":1424,"href":"https:\/\/molkerei-lauingen.de\/en\/wp-json\/wp\/v2\/pages\/619\/revisions\/1424"}],"up":[{"embeddable":true,"href":"https:\/\/molkerei-lauingen.de\/en\/wp-json\/wp\/v2\/pages\/60"}],"wp:attachment":[{"href":"https:\/\/molkerei-lauingen.de\/en\/wp-json\/wp\/v2\/media?parent=619"}],"curies":[{"name":"wp","href":"https:\/\/api.w.org\/{rel}","templated":true}]}}