{"id":60,"date":"2016-04-08T17:33:47","date_gmt":"2016-04-08T15:33:47","guid":{"rendered":"http:\/\/wordpress.p351766.webspaceconfig.de\/?page_id=60"},"modified":"2023-02-08T12:41:09","modified_gmt":"2023-02-08T11:41:09","slug":"produkte-2","status":"publish","type":"page","link":"https:\/\/molkerei-lauingen.de\/en\/produkte-2\/","title":{"rendered":"Products"},"content":{"rendered":"<div data-elementor-type=\"wp-page\" data-elementor-id=\"60\" class=\"elementor elementor-60\" data-elementor-post-type=\"page\">\n\t\t\t\t\t\t<section class=\"elementor-section elementor-top-section elementor-element elementor-element-1904ee09 elementor-section-full_width elementor-section-stretched elementor-section-height-default elementor-section-height-default\" data-id=\"1904ee09\" data-element_type=\"section\" data-e-type=\"section\" data-settings=\"{&quot;stretch_section&quot;:&quot;section-stretched&quot;,&quot;background_background&quot;:&quot;classic&quot;}\">\n\t\t\t\t\t\t<div class=\"elementor-container elementor-column-gap-default\">\n\t\t\t\t\t<div class=\"elementor-column elementor-col-100 elementor-top-column elementor-element elementor-element-515b687c\" data-id=\"515b687c\" data-element_type=\"column\" data-e-type=\"column\">\n\t\t\t<div class=\"elementor-widget-wrap elementor-element-populated\">\n\t\t\t\t\t\t<div class=\"elementor-element elementor-element-787690d6 elementor-widget elementor-widget-image\" data-id=\"787690d6\" data-element_type=\"widget\" data-e-type=\"widget\" data-widget_type=\"image.default\">\n\t\t\t\t<div class=\"elementor-widget-container\">\n\t\t\t\t\t\t\t\t\t\t\t\t\t\t\t<img fetchpriority=\"high\" decoding=\"async\" width=\"1200\" height=\"476\" src=\"https:\/\/molkerei-lauingen.de\/wp-content\/uploads\/2016\/04\/milchpulver-1700x675.jpg\" class=\"attachment-large size-large wp-image-708\" alt=\"\" srcset=\"https:\/\/molkerei-lauingen.de\/wp-content\/uploads\/2016\/04\/milchpulver-1700x675.jpg 1700w, https:\/\/molkerei-lauingen.de\/wp-content\/uploads\/2016\/04\/milchpulver-600x238.jpg 600w, https:\/\/molkerei-lauingen.de\/wp-content\/uploads\/2016\/04\/milchpulver-1080x429.jpg 1080w, https:\/\/molkerei-lauingen.de\/wp-content\/uploads\/2016\/04\/milchpulver.jpg 1920w\" sizes=\"(max-width: 1200px) 100vw, 1200px\" \/>\t\t\t\t\t\t\t\t\t\t\t\t\t\t\t<\/div>\n\t\t\t\t<\/div>\n\t\t\t\t\t<\/div>\n\t\t<\/div>\n\t\t\t\t\t<\/div>\n\t\t<\/section>\n\t\t\t\t<section class=\"elementor-section elementor-top-section elementor-element elementor-element-f58b127 elementor-section-boxed elementor-section-height-default elementor-section-height-default\" data-id=\"f58b127\" data-element_type=\"section\" data-e-type=\"section\">\n\t\t\t\t\t\t<div class=\"elementor-container elementor-column-gap-default\">\n\t\t\t\t\t<div class=\"elementor-column elementor-col-100 elementor-top-column elementor-element elementor-element-a29046d\" data-id=\"a29046d\" data-element_type=\"column\" data-e-type=\"column\">\n\t\t\t<div class=\"elementor-widget-wrap elementor-element-populated\">\n\t\t\t\t\t\t<div class=\"elementor-element elementor-element-26eb47c elementor-widget elementor-widget-heading\" data-id=\"26eb47c\" data-element_type=\"widget\" data-e-type=\"widget\" data-widget_type=\"heading.default\">\n\t\t\t\t<div class=\"elementor-widget-container\">\n\t\t\t\t\t<h2 class=\"elementor-heading-title elementor-size-default\">Products<\/h2>\t\t\t\t<\/div>\n\t\t\t\t<\/div>\n\t\t\t\t<div class=\"elementor-element elementor-element-a7cf2b0 elementor-widget elementor-widget-text-editor\" data-id=\"a7cf2b0\" data-element_type=\"widget\" data-e-type=\"widget\" data-widget_type=\"text-editor.default\">\n\t\t\t\t<div class=\"elementor-widget-container\">\n\t\t\t\t\t\t\t\t\t<p class=\"p1\">MGL Molkereigesellschaft Lauingen mbH is your competent and high-performance partner for the formulation, development, manufacture and sale of milk protein products in powder form. For special areas of application, we develop formulations for application-specific, high-function products made from various different milk protein fractions for and together with our customers. We are confident that we have just the right products to suit your requirements.<\/p>\t\t\t\t\t\t\t\t<\/div>\n\t\t\t\t<\/div>\n\t\t\t\t\t<\/div>\n\t\t<\/div>\n\t\t\t\t\t<\/div>\n\t\t<\/section>\n\t\t\t\t<section class=\"elementor-section elementor-top-section elementor-element elementor-element-4a596ca elementor-section-boxed elementor-section-height-default elementor-section-height-default\" data-id=\"4a596ca\" data-element_type=\"section\" data-e-type=\"section\">\n\t\t\t\t\t\t<div class=\"elementor-container elementor-column-gap-default\">\n\t\t\t\t\t<div class=\"elementor-column elementor-col-100 elementor-top-column elementor-element elementor-element-2abd268\" data-id=\"2abd268\" data-element_type=\"column\" data-e-type=\"column\">\n\t\t\t<div class=\"elementor-widget-wrap elementor-element-populated\">\n\t\t\t\t\t\t<section class=\"elementor-section elementor-inner-section elementor-element elementor-element-270f3e3 elementor-section-full_width elementor-section-height-default elementor-section-height-default\" data-id=\"270f3e3\" data-element_type=\"section\" data-e-type=\"section\">\n\t\t\t\t\t\t<div class=\"elementor-container elementor-column-gap-custom\">\n\t\t\t\t\t<div class=\"elementor-column elementor-col-33 elementor-inner-column elementor-element elementor-element-5a83be9\" data-id=\"5a83be9\" data-element_type=\"column\" data-e-type=\"column\">\n\t\t\t<div class=\"elementor-widget-wrap elementor-element-populated\">\n\t\t\t\t\t\t<div class=\"elementor-element elementor-element-2243567b elementor-widget elementor-widget-image\" data-id=\"2243567b\" data-element_type=\"widget\" data-e-type=\"widget\" data-widget_type=\"image.default\">\n\t\t\t\t<div class=\"elementor-widget-container\">\n\t\t\t\t\t\t\t\t\t\t\t\t\t\t\t<img decoding=\"async\" width=\"1200\" height=\"800\" src=\"https:\/\/molkerei-lauingen.de\/wp-content\/uploads\/2016\/04\/MG_0412-1700x1133.jpg\" class=\"attachment-large size-large wp-image-171\" alt=\"\" srcset=\"https:\/\/molkerei-lauingen.de\/wp-content\/uploads\/2016\/04\/MG_0412-1700x1133.jpg 1700w, https:\/\/molkerei-lauingen.de\/wp-content\/uploads\/2016\/04\/MG_0412-600x400.jpg 600w, https:\/\/molkerei-lauingen.de\/wp-content\/uploads\/2016\/04\/MG_0412-1080x720.jpg 1080w, https:\/\/molkerei-lauingen.de\/wp-content\/uploads\/2016\/04\/MG_0412.jpg 1920w\" sizes=\"(max-width: 1200px) 100vw, 1200px\" \/>\t\t\t\t\t\t\t\t\t\t\t\t\t\t\t<\/div>\n\t\t\t\t<\/div>\n\t\t\t\t<div class=\"elementor-element elementor-element-82070f0 elementor-widget elementor-widget-heading\" data-id=\"82070f0\" data-element_type=\"widget\" data-e-type=\"widget\" data-widget_type=\"heading.default\">\n\t\t\t\t<div class=\"elementor-widget-container\">\n\t\t\t\t\t<h2 class=\"elementor-heading-title elementor-size-default\">CASEINS<\/h2>\t\t\t\t<\/div>\n\t\t\t\t<\/div>\n\t\t\t\t<div class=\"elementor-element elementor-element-4b45205d elementor-widget elementor-widget-text-editor\" data-id=\"4b45205d\" data-element_type=\"widget\" data-e-type=\"widget\" data-widget_type=\"text-editor.default\">\n\t\t\t\t<div class=\"elementor-widget-container\">\n\t\t\t\t\t\t\t\t\t<p class=\"p1\">In the food industry, caseins are highly popular as a valuable source of protein with a neutral flavour profile for an almost unlimited range of applications.\n\nRead more<\/p><p class=\"p1\"><a href=\"https:\/\/molkerei-lauingen.de\/en\/produkte-2\/kaseine\/\"><span style=\"color: #339966;\">Mehr Informationen<\/span><\/a><\/p>\t\t\t\t\t\t\t\t<\/div>\n\t\t\t\t<\/div>\n\t\t\t\t\t<\/div>\n\t\t<\/div>\n\t\t\t\t<div class=\"elementor-column elementor-col-33 elementor-inner-column elementor-element elementor-element-470b211\" data-id=\"470b211\" data-element_type=\"column\" data-e-type=\"column\">\n\t\t\t<div class=\"elementor-widget-wrap elementor-element-populated\">\n\t\t\t\t\t\t<div class=\"elementor-element elementor-element-161b858d elementor-widget elementor-widget-image\" data-id=\"161b858d\" data-element_type=\"widget\" data-e-type=\"widget\" data-widget_type=\"image.default\">\n\t\t\t\t<div class=\"elementor-widget-container\">\n\t\t\t\t\t\t\t\t\t\t\t\t\t\t\t<img decoding=\"async\" width=\"1200\" height=\"800\" src=\"https:\/\/molkerei-lauingen.de\/wp-content\/uploads\/2016\/04\/MG_0195-1700x1133.jpg\" class=\"attachment-large size-large wp-image-159\" alt=\"\" srcset=\"https:\/\/molkerei-lauingen.de\/wp-content\/uploads\/2016\/04\/MG_0195.jpg 1700w, https:\/\/molkerei-lauingen.de\/wp-content\/uploads\/2016\/04\/MG_0195-600x400.jpg 600w, https:\/\/molkerei-lauingen.de\/wp-content\/uploads\/2016\/04\/MG_0195-1080x720.jpg 1080w\" sizes=\"(max-width: 1200px) 100vw, 1200px\" \/>\t\t\t\t\t\t\t\t\t\t\t\t\t\t\t<\/div>\n\t\t\t\t<\/div>\n\t\t\t\t<div class=\"elementor-element elementor-element-542d22d4 elementor-widget elementor-widget-heading\" data-id=\"542d22d4\" data-element_type=\"widget\" data-e-type=\"widget\" data-widget_type=\"heading.default\">\n\t\t\t\t<div class=\"elementor-widget-container\">\n\t\t\t\t\t<h2 class=\"elementor-heading-title elementor-size-default\">Caseinates<\/h2>\t\t\t\t<\/div>\n\t\t\t\t<\/div>\n\t\t\t\t<div class=\"elementor-element elementor-element-36adc29c elementor-widget elementor-widget-text-editor\" data-id=\"36adc29c\" data-element_type=\"widget\" data-e-type=\"widget\" data-widget_type=\"text-editor.default\">\n\t\t\t\t<div class=\"elementor-widget-container\">\n\t\t\t\t\t\t\t\t\t<p>Caseinate is neutralised acid casein which \u2013 depending on the type of application \u2013 is produced with a widely varying range of functional, organoleptic, chemical and physical properties in the form of calcium \/ sodium \/ potassium \/ magnesium and ammonium caseinate.\n\nRead more<\/p><p><a href=\"https:\/\/molkerei-lauingen.de\/en\/produkte-2\/kaseinate\/\"><span style=\"color: #339966; font-family: Roboto, sans-serif; font-size: 14px; font-style: normal; font-variant-ligatures: normal; font-variant-caps: normal; font-weight: 400;\">Mehr Informationen<\/span><\/a><\/p>\t\t\t\t\t\t\t\t<\/div>\n\t\t\t\t<\/div>\n\t\t\t\t\t<\/div>\n\t\t<\/div>\n\t\t\t\t<div class=\"elementor-column elementor-col-33 elementor-inner-column elementor-element elementor-element-e0e884b\" data-id=\"e0e884b\" data-element_type=\"column\" data-e-type=\"column\">\n\t\t\t<div class=\"elementor-widget-wrap elementor-element-populated\">\n\t\t\t\t\t\t<div class=\"elementor-element elementor-element-6d040103 elementor-widget elementor-widget-image\" data-id=\"6d040103\" data-element_type=\"widget\" data-e-type=\"widget\" data-widget_type=\"image.default\">\n\t\t\t\t<div class=\"elementor-widget-container\">\n\t\t\t\t\t\t\t\t\t\t\t\t\t\t\t<img loading=\"lazy\" decoding=\"async\" width=\"1200\" height=\"800\" src=\"https:\/\/molkerei-lauingen.de\/wp-content\/uploads\/2016\/04\/MG_0427-1700x1133.jpg\" class=\"attachment-large size-large wp-image-172\" alt=\"\" srcset=\"https:\/\/molkerei-lauingen.de\/wp-content\/uploads\/2016\/04\/MG_0427-1700x1133.jpg 1700w, https:\/\/molkerei-lauingen.de\/wp-content\/uploads\/2016\/04\/MG_0427-600x400.jpg 600w, https:\/\/molkerei-lauingen.de\/wp-content\/uploads\/2016\/04\/MG_0427-1080x720.jpg 1080w, https:\/\/molkerei-lauingen.de\/wp-content\/uploads\/2016\/04\/MG_0427.jpg 1920w\" sizes=\"(max-width: 1200px) 100vw, 1200px\" \/>\t\t\t\t\t\t\t\t\t\t\t\t\t\t\t<\/div>\n\t\t\t\t<\/div>\n\t\t\t\t<div class=\"elementor-element elementor-element-67bd72f4 elementor-widget elementor-widget-heading\" data-id=\"67bd72f4\" data-element_type=\"widget\" data-e-type=\"widget\" data-widget_type=\"heading.default\">\n\t\t\t\t<div class=\"elementor-widget-container\">\n\t\t\t\t\t<h2 class=\"elementor-heading-title elementor-size-default\">Milk-Protein-<\/br>Concentrates<\/h2>\t\t\t\t<\/div>\n\t\t\t\t<\/div>\n\t\t\t\t<div class=\"elementor-element elementor-element-27680061 elementor-widget elementor-widget-text-editor\" data-id=\"27680061\" data-element_type=\"widget\" data-e-type=\"widget\" data-widget_type=\"text-editor.default\">\n\t\t\t\t<div class=\"elementor-widget-container\">\n\t\t\t\t\t\t\t\t\t<p class=\"p1\">In contrast to the coagulation of milk proteins used in the production process of casein or caseinate, milk protein concentrates are concentrated using the membrane technology. This is a purely physical procedure that selectively enriches and separates the milk components according to their different molecule sizes using suitable membranes, osmotic pressures and other process parameters.\n\nRead more<\/p><p class=\"p1\"><a href=\"https:\/\/molkerei-lauingen.de\/en\/produkte-2\/milch-protein-konzentrate\/\"><span style=\"color: #339966; font-family: Roboto, sans-serif; font-size: 14px; font-style: normal; font-variant-ligatures: normal; font-variant-caps: normal; font-weight: 400;\">Mehr Informationen<\/span><\/a><\/p>\t\t\t\t\t\t\t\t<\/div>\n\t\t\t\t<\/div>\n\t\t\t\t\t<\/div>\n\t\t<\/div>\n\t\t\t\t\t<\/div>\n\t\t<\/section>\n\t\t\t\t\t<\/div>\n\t\t<\/div>\n\t\t\t\t\t<\/div>\n\t\t<\/section>\n\t\t\t\t<section class=\"elementor-section elementor-top-section elementor-element elementor-element-399fae4 elementor-section-boxed elementor-section-height-default elementor-section-height-default\" data-id=\"399fae4\" data-element_type=\"section\" data-e-type=\"section\">\n\t\t\t\t\t\t<div class=\"elementor-container elementor-column-gap-custom\">\n\t\t\t\t\t<div class=\"elementor-column elementor-col-50 elementor-top-column elementor-element elementor-element-25b2bbd\" data-id=\"25b2bbd\" data-element_type=\"column\" data-e-type=\"column\">\n\t\t\t<div class=\"elementor-widget-wrap elementor-element-populated\">\n\t\t\t\t\t\t<div class=\"elementor-element elementor-element-86b4bb1 elementor-widget elementor-widget-image\" data-id=\"86b4bb1\" data-element_type=\"widget\" data-e-type=\"widget\" data-widget_type=\"image.default\">\n\t\t\t\t<div class=\"elementor-widget-container\">\n\t\t\t\t\t\t\t\t\t\t\t\t\t\t\t<img loading=\"lazy\" decoding=\"async\" width=\"1200\" height=\"800\" src=\"https:\/\/molkerei-lauingen.de\/wp-content\/uploads\/2016\/04\/MG_0312-1700x1133.jpg\" class=\"attachment-large size-large wp-image-46\" alt=\"\" srcset=\"https:\/\/molkerei-lauingen.de\/wp-content\/uploads\/2016\/04\/MG_0312-1700x1133.jpg 1700w, https:\/\/molkerei-lauingen.de\/wp-content\/uploads\/2016\/04\/MG_0312-600x400.jpg 600w, https:\/\/molkerei-lauingen.de\/wp-content\/uploads\/2016\/04\/MG_0312-1080x720.jpg 1080w\" sizes=\"(max-width: 1200px) 100vw, 1200px\" \/>\t\t\t\t\t\t\t\t\t\t\t\t\t\t\t<\/div>\n\t\t\t\t<\/div>\n\t\t\t\t\t<\/div>\n\t\t<\/div>\n\t\t\t\t<div class=\"elementor-column elementor-col-50 elementor-top-column elementor-element elementor-element-0df271a\" data-id=\"0df271a\" data-element_type=\"column\" data-e-type=\"column\">\n\t\t\t<div class=\"elementor-widget-wrap elementor-element-populated\">\n\t\t\t\t\t\t<div class=\"elementor-element elementor-element-efe34b9 elementor-widget elementor-widget-heading\" data-id=\"efe34b9\" data-element_type=\"widget\" data-e-type=\"widget\" data-widget_type=\"heading.default\">\n\t\t\t\t<div class=\"elementor-widget-container\">\n\t\t\t\t\t<h2 class=\"elementor-heading-title elementor-size-default\">Special Products<\/h2>\t\t\t\t<\/div>\n\t\t\t\t<\/div>\n\t\t\t\t<div class=\"elementor-element elementor-element-277f201 elementor-widget elementor-widget-text-editor\" data-id=\"277f201\" data-element_type=\"widget\" data-e-type=\"widget\" data-widget_type=\"text-editor.default\">\n\t\t\t\t<div class=\"elementor-widget-container\">\n\t\t\t\t\t\t\t\t\t<p class=\"p1\">MGL works together with its customers to develop formulations for tailored, customer-specific applications. The MGL Team will be pleased to provide you with any additional information you may require.<\/p>\t\t\t\t\t\t\t\t<\/div>\n\t\t\t\t<\/div>\n\t\t\t\t\t<\/div>\n\t\t<\/div>\n\t\t\t\t\t<\/div>\n\t\t<\/section>\n\t\t\t\t<section class=\"elementor-section elementor-top-section elementor-element elementor-element-8b8e5cc elementor-section-full_width elementor-section-stretched elementor-section-height-default elementor-section-height-default\" data-id=\"8b8e5cc\" data-element_type=\"section\" data-e-type=\"section\" data-settings=\"{&quot;stretch_section&quot;:&quot;section-stretched&quot;,&quot;background_background&quot;:&quot;classic&quot;}\">\n\t\t\t\t\t\t<div class=\"elementor-container elementor-column-gap-default\">\n\t\t\t\t\t<div class=\"elementor-column elementor-col-100 elementor-top-column elementor-element elementor-element-6481a63\" data-id=\"6481a63\" data-element_type=\"column\" data-e-type=\"column\" data-settings=\"{&quot;background_background&quot;:&quot;classic&quot;}\">\n\t\t\t<div class=\"elementor-widget-wrap elementor-element-populated\">\n\t\t\t\t\t\t<section class=\"elementor-section elementor-inner-section elementor-element elementor-element-95be4ee elementor-section-boxed elementor-section-height-default elementor-section-height-default\" data-id=\"95be4ee\" data-element_type=\"section\" data-e-type=\"section\">\n\t\t\t\t\t\t<div class=\"elementor-container elementor-column-gap-default\">\n\t\t\t\t\t<div class=\"elementor-column elementor-col-50 elementor-inner-column elementor-element elementor-element-b0738c2\" data-id=\"b0738c2\" data-element_type=\"column\" data-e-type=\"column\">\n\t\t\t<div class=\"elementor-widget-wrap elementor-element-populated\">\n\t\t\t\t\t\t<div class=\"elementor-element elementor-element-5c16f8a elementor-widget elementor-widget-heading\" data-id=\"5c16f8a\" data-element_type=\"widget\" data-e-type=\"widget\" data-widget_type=\"heading.default\">\n\t\t\t\t<div class=\"elementor-widget-container\">\n\t\t\t\t\t<h2 class=\"elementor-heading-title elementor-size-default\">How dried milk protein is produced<\/h2>\t\t\t\t<\/div>\n\t\t\t\t<\/div>\n\t\t\t\t<div class=\"elementor-element elementor-element-6bb88fb elementor-widget elementor-widget-image\" data-id=\"6bb88fb\" data-element_type=\"widget\" data-e-type=\"widget\" data-widget_type=\"image.default\">\n\t\t\t\t<div class=\"elementor-widget-container\">\n\t\t\t\t\t\t\t\t\t\t\t\t\t\t\t<img loading=\"lazy\" decoding=\"async\" width=\"595\" height=\"842\" src=\"https:\/\/molkerei-lauingen.de\/wp-content\/uploads\/2016\/04\/Grafik_Milchpulver.jpg\" class=\"attachment-large size-large wp-image-814\" alt=\"\" srcset=\"https:\/\/molkerei-lauingen.de\/wp-content\/uploads\/2016\/04\/Grafik_Milchpulver.jpg 595w, https:\/\/molkerei-lauingen.de\/wp-content\/uploads\/2016\/04\/Grafik_Milchpulver-424x600.jpg 424w\" sizes=\"(max-width: 595px) 100vw, 595px\" \/>\t\t\t\t\t\t\t\t\t\t\t\t\t\t\t<\/div>\n\t\t\t\t<\/div>\n\t\t\t\t\t<\/div>\n\t\t<\/div>\n\t\t\t\t<div class=\"elementor-column elementor-col-50 elementor-inner-column elementor-element elementor-element-3ba7642\" data-id=\"3ba7642\" data-element_type=\"column\" data-e-type=\"column\">\n\t\t\t<div class=\"elementor-widget-wrap elementor-element-populated\">\n\t\t\t\t\t\t<div class=\"elementor-element elementor-element-1f89c25 elementor-widget elementor-widget-heading\" data-id=\"1f89c25\" data-element_type=\"widget\" data-e-type=\"widget\" data-widget_type=\"heading.default\">\n\t\t\t\t<div class=\"elementor-widget-container\">\n\t\t\t\t\t<h2 class=\"elementor-heading-title elementor-size-default\">Certification<\/h2>\t\t\t\t<\/div>\n\t\t\t\t<\/div>\n\t\t\t\t<div class=\"elementor-element elementor-element-5beaa2a elementor-widget elementor-widget-text-editor\" data-id=\"5beaa2a\" data-element_type=\"widget\" data-e-type=\"widget\" data-widget_type=\"text-editor.default\">\n\t\t\t\t<div class=\"elementor-widget-container\">\n\t\t\t\t\t\t\t\t\t<p class=\"p1\">MGL is FSSC 22000-certified by an external DAkkS-accredited certification body for Food Safety. FSSC 22000 is fully recognized by the GFSI (Global Food Safety Initiative) and is based on existing ISO Standards. This provides the evidence for a global management system for the food safety of our products.\u00a0Furthermore our products are Kosher and Halal-certified.<\/p><p class=\"p1\">Our commitment to quality:<\/p><p class=\"p1\">Food in compliance with EU regulations \/ food law<\/p><p class=\"p1\">EU regulations are leading, globally recognised veterinary and quality directives that ensure the quality of products \u201cfrom the farm\u00a0to the table\u201d.<\/p><p class=\"p1\">All products including the milk used during processing meet the EU\u2019s strict food guidelines.<\/p>\t\t\t\t\t\t\t\t<\/div>\n\t\t\t\t<\/div>\n\t\t\t\t\t<\/div>\n\t\t<\/div>\n\t\t\t\t\t<\/div>\n\t\t<\/section>\n\t\t\t\t\t<\/div>\n\t\t<\/div>\n\t\t\t\t\t<\/div>\n\t\t<\/section>\n\t\t\t\t<\/div>","protected":false},"excerpt":{"rendered":"<p>Produkte Die MGL Molkereigesellschaft Lauingen mbH ist ein kompetenter und leistungsstarker Partner in der Formulierung, Herstellung und dem Vertrieb von Milcheiwei\u00dfprodukten in Pulverform. F\u00fcr Spezialanwendungsbereiche formulieren wir f\u00fcr und mit unseren Kunden aus den unterschiedlichen Milchproteinfraktionen anwendungsspezifische Produkte mit hoher Funktionalit\u00e4t. Sicher haben wir auch f\u00fcr Sie die passenden Produkte. Kaseine In der Nahrungsmittelindustrie sind [&hellip;]<\/p>\n","protected":false},"author":5,"featured_media":0,"parent":0,"menu_order":0,"comment_status":"closed","ping_status":"closed","template":"","meta":{"footnotes":""},"class_list":["post-60","page","type-page","status-publish","hentry","entry"],"_links":{"self":[{"href":"https:\/\/molkerei-lauingen.de\/en\/wp-json\/wp\/v2\/pages\/60","targetHints":{"allow":["GET"]}}],"collection":[{"href":"https:\/\/molkerei-lauingen.de\/en\/wp-json\/wp\/v2\/pages"}],"about":[{"href":"https:\/\/molkerei-lauingen.de\/en\/wp-json\/wp\/v2\/types\/page"}],"author":[{"embeddable":true,"href":"https:\/\/molkerei-lauingen.de\/en\/wp-json\/wp\/v2\/users\/5"}],"replies":[{"embeddable":true,"href":"https:\/\/molkerei-lauingen.de\/en\/wp-json\/wp\/v2\/comments?post=60"}],"version-history":[{"count":147,"href":"https:\/\/molkerei-lauingen.de\/en\/wp-json\/wp\/v2\/pages\/60\/revisions"}],"predecessor-version":[{"id":1415,"href":"https:\/\/molkerei-lauingen.de\/en\/wp-json\/wp\/v2\/pages\/60\/revisions\/1415"}],"wp:attachment":[{"href":"https:\/\/molkerei-lauingen.de\/en\/wp-json\/wp\/v2\/media?parent=60"}],"curies":[{"name":"wp","href":"https:\/\/api.w.org\/{rel}","templated":true}]}}