{"id":597,"date":"2017-01-27T17:33:18","date_gmt":"2017-01-27T16:33:18","guid":{"rendered":"http:\/\/wordpress.p351766.webspaceconfig.de\/?page_id=597"},"modified":"2023-02-08T12:43:54","modified_gmt":"2023-02-08T11:43:54","slug":"kaseinate","status":"publish","type":"page","link":"https:\/\/molkerei-lauingen.de\/en\/produkte-2\/kaseinate\/","title":{"rendered":"CASEINATES"},"content":{"rendered":"<div data-elementor-type=\"wp-page\" data-elementor-id=\"597\" class=\"elementor elementor-597\" data-elementor-post-type=\"page\">\n\t\t\t\t\t\t<section class=\"elementor-section elementor-top-section elementor-element elementor-element-4493e6eb elementor-section-full_width elementor-section-stretched elementor-section-height-default elementor-section-height-default\" data-id=\"4493e6eb\" data-element_type=\"section\" data-e-type=\"section\" data-settings=\"{&quot;stretch_section&quot;:&quot;section-stretched&quot;,&quot;background_background&quot;:&quot;classic&quot;}\">\n\t\t\t\t\t\t<div class=\"elementor-container elementor-column-gap-default\">\n\t\t\t\t\t<div class=\"elementor-column elementor-col-100 elementor-top-column elementor-element elementor-element-36f60f29\" data-id=\"36f60f29\" data-element_type=\"column\" data-e-type=\"column\">\n\t\t\t<div class=\"elementor-widget-wrap elementor-element-populated\">\n\t\t\t\t\t\t<div class=\"elementor-element elementor-element-60d5f1d6 elementor-widget elementor-widget-image\" data-id=\"60d5f1d6\" data-element_type=\"widget\" data-e-type=\"widget\" data-widget_type=\"image.default\">\n\t\t\t\t<div class=\"elementor-widget-container\">\n\t\t\t\t\t\t\t\t\t\t\t\t\t\t\t<img fetchpriority=\"high\" decoding=\"async\" width=\"1200\" height=\"476\" src=\"https:\/\/molkerei-lauingen.de\/wp-content\/uploads\/2023\/02\/kaseinate-1700x675.jpg\" class=\"attachment-large size-large wp-image-1226\" alt=\"\" srcset=\"https:\/\/molkerei-lauingen.de\/wp-content\/uploads\/2023\/02\/kaseinate-1700x675.jpg 1700w, https:\/\/molkerei-lauingen.de\/wp-content\/uploads\/2023\/02\/kaseinate-600x238.jpg 600w, https:\/\/molkerei-lauingen.de\/wp-content\/uploads\/2023\/02\/kaseinate-1536x610.jpg 1536w, https:\/\/molkerei-lauingen.de\/wp-content\/uploads\/2023\/02\/kaseinate.jpg 1920w\" sizes=\"(max-width: 1200px) 100vw, 1200px\" \/>\t\t\t\t\t\t\t\t\t\t\t\t\t\t\t<\/div>\n\t\t\t\t<\/div>\n\t\t\t\t\t<\/div>\n\t\t<\/div>\n\t\t\t\t\t<\/div>\n\t\t<\/section>\n\t\t\t\t<section class=\"elementor-section elementor-top-section elementor-element elementor-element-5fcae0a8 elementor-section-full_width elementor-section-stretched elementor-section-height-default elementor-section-height-default\" data-id=\"5fcae0a8\" data-element_type=\"section\" data-e-type=\"section\" data-settings=\"{&quot;stretch_section&quot;:&quot;section-stretched&quot;,&quot;background_background&quot;:&quot;classic&quot;}\">\n\t\t\t\t\t\t<div class=\"elementor-container elementor-column-gap-default\">\n\t\t\t\t\t<div class=\"elementor-column elementor-col-100 elementor-top-column elementor-element elementor-element-5c9e7a86\" data-id=\"5c9e7a86\" data-element_type=\"column\" data-e-type=\"column\" data-settings=\"{&quot;background_background&quot;:&quot;classic&quot;}\">\n\t\t\t<div class=\"elementor-widget-wrap elementor-element-populated\">\n\t\t\t\t\t\t<section class=\"elementor-section elementor-inner-section elementor-element elementor-element-4fb59d8f elementor-section-boxed elementor-section-height-default elementor-section-height-default\" data-id=\"4fb59d8f\" data-element_type=\"section\" data-e-type=\"section\" data-settings=\"{&quot;background_background&quot;:&quot;classic&quot;}\">\n\t\t\t\t\t\t<div class=\"elementor-container elementor-column-gap-default\">\n\t\t\t\t\t<div class=\"elementor-column elementor-col-100 elementor-inner-column elementor-element elementor-element-58c7ac5b\" data-id=\"58c7ac5b\" data-element_type=\"column\" data-e-type=\"column\" data-settings=\"{&quot;background_background&quot;:&quot;classic&quot;}\">\n\t\t\t<div class=\"elementor-widget-wrap elementor-element-populated\">\n\t\t\t\t\t\t<div class=\"elementor-element elementor-element-56ae1d68 elementor-widget elementor-widget-heading\" data-id=\"56ae1d68\" data-element_type=\"widget\" data-e-type=\"widget\" data-widget_type=\"heading.default\">\n\t\t\t\t<div class=\"elementor-widget-container\">\n\t\t\t\t\t<h2 class=\"elementor-heading-title elementor-size-default\">CASEINATES<\/h2>\t\t\t\t<\/div>\n\t\t\t\t<\/div>\n\t\t\t\t<div class=\"elementor-element elementor-element-c0ae449 elementor-widget elementor-widget-text-editor\" data-id=\"c0ae449\" data-element_type=\"widget\" data-e-type=\"widget\" data-widget_type=\"text-editor.default\">\n\t\t\t\t<div class=\"elementor-widget-container\">\n\t\t\t\t\t\t\t\t\t<p class=\"p1\">Caseinates are creamy-white powders. Unlike casein, caseinates are soluble in water.<\/p>\t\t\t\t\t\t\t\t<\/div>\n\t\t\t\t<\/div>\n\t\t\t\t\t<\/div>\n\t\t<\/div>\n\t\t\t\t\t<\/div>\n\t\t<\/section>\n\t\t\t\t\t<\/div>\n\t\t<\/div>\n\t\t\t\t\t<\/div>\n\t\t<\/section>\n\t\t\t\t<section class=\"elementor-section elementor-top-section elementor-element elementor-element-64a3d37d elementor-section-boxed elementor-section-height-default elementor-section-height-default\" data-id=\"64a3d37d\" data-element_type=\"section\" data-e-type=\"section\">\n\t\t\t\t\t\t<div class=\"elementor-container elementor-column-gap-default\">\n\t\t\t\t\t<div class=\"elementor-column elementor-col-50 elementor-top-column elementor-element elementor-element-5c4f1115\" data-id=\"5c4f1115\" data-element_type=\"column\" data-e-type=\"column\">\n\t\t\t<div class=\"elementor-widget-wrap elementor-element-populated\">\n\t\t\t\t\t\t<div class=\"elementor-element elementor-element-431eb005 elementor-widget elementor-widget-heading\" data-id=\"431eb005\" data-element_type=\"widget\" data-e-type=\"widget\" data-widget_type=\"heading.default\">\n\t\t\t\t<div class=\"elementor-widget-container\">\n\t\t\t\t\t<h2 class=\"elementor-heading-title elementor-size-default\">CHARACTERISTICS\n<\/h2>\t\t\t\t<\/div>\n\t\t\t\t<\/div>\n\t\t\t\t<div class=\"elementor-element elementor-element-664afb28 elementor-widget elementor-widget-text-editor\" data-id=\"664afb28\" data-element_type=\"widget\" data-e-type=\"widget\" data-widget_type=\"text-editor.default\">\n\t\t\t\t<div class=\"elementor-widget-container\">\n\t\t\t\t\t\t\t\t\t<ul><li class=\"p1\">High-grade protein in high purity<\/li><li class=\"p1\">Neutral \/ clean odour and taste<\/li><li class=\"p1\">Highly soluble in water<\/li><li class=\"p1\">Nutritionally high-grade amino acid sequence<\/li><li class=\"p1\">High water binding capacity<\/li><li class=\"p1\">High fat binding \/ emulsifying capacity<\/li><li class=\"p1\">Good heat stability<\/li><li class=\"p1\">High level of structure formation by protein crosslinking (texture)<\/li><\/ul>\t\t\t\t\t\t\t\t<\/div>\n\t\t\t\t<\/div>\n\t\t\t\t\t<\/div>\n\t\t<\/div>\n\t\t\t\t<div class=\"elementor-column elementor-col-50 elementor-top-column elementor-element elementor-element-1b0b21e\" data-id=\"1b0b21e\" data-element_type=\"column\" data-e-type=\"column\">\n\t\t\t<div class=\"elementor-widget-wrap elementor-element-populated\">\n\t\t\t\t\t\t<div class=\"elementor-element elementor-element-70bbe668 elementor-widget elementor-widget-heading\" data-id=\"70bbe668\" data-element_type=\"widget\" data-e-type=\"widget\" data-widget_type=\"heading.default\">\n\t\t\t\t<div class=\"elementor-widget-container\">\n\t\t\t\t\t<h2 class=\"elementor-heading-title elementor-size-default\">APPLICATIONS\n\n<\/h2>\t\t\t\t<\/div>\n\t\t\t\t<\/div>\n\t\t\t\t<div class=\"elementor-element elementor-element-49c539bd elementor-widget elementor-widget-text-editor\" data-id=\"49c539bd\" data-element_type=\"widget\" data-e-type=\"widget\" data-widget_type=\"text-editor.default\">\n\t\t\t\t<div class=\"elementor-widget-container\">\n\t\t\t\t\t\t\t\t\t<ul><li class=\"p1\">Milk and dairy products<\/li><li class=\"p1\">Dessert products<\/li><li class=\"p1\">Sauces<\/li><li class=\"p1\">Pastries<\/li><li class=\"p1\">Dietary products<\/li><li class=\"p1\">Meat and sausage products<\/li><li class=\"p1\">Sports nutrition<\/li><li class=\"p1\">Wine clarification<\/li><li class=\"p1\">Mineral fortification (Calcium and \/ or Magnesium)<\/li><\/ul>\t\t\t\t\t\t\t\t<\/div>\n\t\t\t\t<\/div>\n\t\t\t\t\t<\/div>\n\t\t<\/div>\n\t\t\t\t\t<\/div>\n\t\t<\/section>\n\t\t\t\t<\/div>","protected":false},"excerpt":{"rendered":"<p>KASEINate Kaseinate sind ein cremig-wei\u00dfes Pulver. Im Gegensatz zu Kasein sind sie wasserl\u00f6slich. EIGENSCHAFTEN Hochwertiges Protein in hoher Reinheit Geruchs- und Geschmacksneutral Sehr gut wasserl\u00f6slich Ern\u00e4hrungsphysiologisch hochwertige Sequenz an Aminos\u00e4uren Hohe Wasserbindung Hohe Fettbindung (Emulgierverm\u00f6gen) Hitzebest\u00e4ndigkeit Hohes Strukturbildungsverm\u00f6gen durch Proteinvernetzung (Textur) ANWENDUNGSBEREICHE Milch- und Molkereiprodukte Dessertprodukte Saucen Backwaren Di\u00e4tprodukte Fleisch- und Wurstwaren Sportlernahrung Weinkl\u00e4rung Mineralstoffanreicherung [&hellip;]<\/p>\n","protected":false},"author":5,"featured_media":0,"parent":60,"menu_order":4,"comment_status":"closed","ping_status":"closed","template":"","meta":{"footnotes":""},"class_list":["post-597","page","type-page","status-publish","hentry","entry"],"_links":{"self":[{"href":"https:\/\/molkerei-lauingen.de\/en\/wp-json\/wp\/v2\/pages\/597","targetHints":{"allow":["GET"]}}],"collection":[{"href":"https:\/\/molkerei-lauingen.de\/en\/wp-json\/wp\/v2\/pages"}],"about":[{"href":"https:\/\/molkerei-lauingen.de\/en\/wp-json\/wp\/v2\/types\/page"}],"author":[{"embeddable":true,"href":"https:\/\/molkerei-lauingen.de\/en\/wp-json\/wp\/v2\/users\/5"}],"replies":[{"embeddable":true,"href":"https:\/\/molkerei-lauingen.de\/en\/wp-json\/wp\/v2\/comments?post=597"}],"version-history":[{"count":26,"href":"https:\/\/molkerei-lauingen.de\/en\/wp-json\/wp\/v2\/pages\/597\/revisions"}],"predecessor-version":[{"id":1427,"href":"https:\/\/molkerei-lauingen.de\/en\/wp-json\/wp\/v2\/pages\/597\/revisions\/1427"}],"up":[{"embeddable":true,"href":"https:\/\/molkerei-lauingen.de\/en\/wp-json\/wp\/v2\/pages\/60"}],"wp:attachment":[{"href":"https:\/\/molkerei-lauingen.de\/en\/wp-json\/wp\/v2\/media?parent=597"}],"curies":[{"name":"wp","href":"https:\/\/api.w.org\/{rel}","templated":true}]}}